{"id":921,"date":"2024-11-06T13:42:09","date_gmt":"2024-11-06T13:42:09","guid":{"rendered":"https:\/\/www.ilmulinopizza.fi\/?page_id=921"},"modified":"2025-01-17T12:50:31","modified_gmt":"2025-01-17T12:50:31","slug":"etusivu","status":"publish","type":"page","link":"https:\/\/www.ilmulinopizza.fi\/","title":{"rendered":"Etusivu"},"content":{"rendered":"\t\t<div data-elementor-type=\"wp-page\" data-elementor-id=\"921\" class=\"elementor elementor-921\" data-elementor-post-type=\"page\">\n\t\t\t\t<div class=\"elementor-element elementor-element-b65e63c e-flex e-con-boxed e-con e-parent\" data-id=\"b65e63c\" data-element_type=\"container\" data-e-type=\"container\" data-settings=\"{&quot;background_background&quot;:&quot;slideshow&quot;,&quot;background_slideshow_gallery&quot;:[{&quot;id&quot;:1038,&quot;url&quot;:&quot;http:\\\/\\\/www.ilmulinopizza.fi\\\/wp-content\\\/uploads\\\/2024\\\/11\\\/il-mulino-196-home-scaled.jpg&quot;},{&quot;id&quot;:1037,&quot;url&quot;:&quot;http:\\\/\\\/www.ilmulinopizza.fi\\\/wp-content\\\/uploads\\\/2024\\\/11\\\/home-22.jpg&quot;},{&quot;id&quot;:1036,&quot;url&quot;:&quot;http:\\\/\\\/www.ilmulinopizza.fi\\\/wp-content\\\/uploads\\\/2024\\\/11\\\/home-3-scaled.jpg&quot;},{&quot;id&quot;:1020,&quot;url&quot;:&quot;http:\\\/\\\/www.ilmulinopizza.fi\\\/wp-content\\\/uploads\\\/2024\\\/11\\\/275168079_1132582264179201_2412851122284702640_n.jpg&quot;}],&quot;background_slideshow_lazyload&quot;:&quot;yes&quot;,&quot;background_slideshow_ken_burns&quot;:&quot;yes&quot;,&quot;background_slideshow_loop&quot;:&quot;yes&quot;,&quot;background_slideshow_slide_duration&quot;:5000,&quot;background_slideshow_slide_transition&quot;:&quot;fade&quot;,&quot;background_slideshow_transition_duration&quot;:500,&quot;background_slideshow_ken_burns_zoom_direction&quot;:&quot;in&quot;}\">\n\t\t\t\t\t<div class=\"e-con-inner\">\n\t\t\t\t<div class=\"elementor-element elementor-element-b687f5f elementor-widget elementor-widget-heading\" data-id=\"b687f5f\" data-element_type=\"widget\" data-e-type=\"widget\" data-widget_type=\"heading.default\">\n\t\t\t\t<div class=\"elementor-widget-container\">\n\t\t\t\t\t<h2 class=\"elementor-heading-title elementor-size-default\">Tervetuloa Il Mulinoon \u2013 tuomme palan Italiaa p\u00f6yt\u00e4\u00e4si.<\/h2>\t\t\t\t<\/div>\n\t\t\t\t<\/div>\n\t\t\t\t\t<\/div>\n\t\t\t\t<\/div>\n\t\t<div class=\"elementor-element elementor-element-5cedad4 e-flex e-con-boxed e-con e-parent\" data-id=\"5cedad4\" data-element_type=\"container\" data-e-type=\"container\">\n\t\t\t\t\t<div class=\"e-con-inner\">\n\t\t\t\t<div class=\"elementor-element elementor-element-c566d75 elementor-widget elementor-widget-heading\" data-id=\"c566d75\" data-element_type=\"widget\" data-e-type=\"widget\" data-widget_type=\"heading.default\">\n\t\t\t\t<div class=\"elementor-widget-container\">\n\t\t\t\t\t<h2 class=\"elementor-heading-title elementor-size-default\">Il Mulino \u2013 Pala Roomaa Suomessa<\/h2>\t\t\t\t<\/div>\n\t\t\t\t<\/div>\n\t\t\t\t<div class=\"elementor-element elementor-element-8b7216c elementor-widget elementor-widget-text-editor\" data-id=\"8b7216c\" data-element_type=\"widget\" data-e-type=\"widget\" data-widget_type=\"text-editor.default\">\n\t\t\t\t<div class=\"elementor-widget-container\">\n\t\t\t\t\t\t\t\t\t<p>\u201cRoomassa lomaillessani rakastuin paikalliseen herkkuun:<br \/>perinteiseen roomalaiseen levypizzaan. Juuri samanlaista,<br \/>t\u00e4ydellisyyteen asti hiottua erikoispizzaa halusin ehdottomasti<\/p><p>saataville kotiin Suomeenkin.<\/p><p>Selvitimme parhaiden paikallisten pizzaleipureiden k\u00e4ytt\u00e4m\u00e4t<br \/>vehn\u00e4jauhot ja aloimme tuoda niit\u00e4 yksinoikeudella Suomeen.<br \/>Koulutuksen oikeaoppisen taikinan valmistamiseen saimme\u00a0<span style=\"color: var( --e-global-color-text ); font-family: var( --e-global-typography-text-font-family ), Sans-serif; font-size: var( --e-global-typography-text-font-size ); font-weight: var( --e-global-typography-text-font-weight ); letter-spacing: var( --e-global-typography-text-letter-spacing ); word-spacing: var( --e-global-typography-text-word-spacing ); text-align: var(--text-align); background-color: var( --e-global-color-199c555 );\">suoraan parhailta pizzataitajilta.<\/span><\/p><p>Niin syntyi Il Mulino.\u201d<\/p><p><br \/><b>Franco Sturiale,<br \/><\/b>Il Mulinon perustaja<\/p>\t\t\t\t\t\t\t\t<\/div>\n\t\t\t\t<\/div>\n\t\t\t\t\t<\/div>\n\t\t\t\t<\/div>\n\t\t<div class=\"elementor-element elementor-element-467b68b e-flex e-con-boxed e-con e-parent\" data-id=\"467b68b\" data-element_type=\"container\" data-e-type=\"container\" data-settings=\"{&quot;background_background&quot;:&quot;classic&quot;}\">\n\t\t\t\t\t<div class=\"e-con-inner\">\n\t\t\t\t\t<\/div>\n\t\t\t\t<\/div>\n\t\t<div class=\"elementor-element elementor-element-90552e7 e-flex e-con-boxed e-con e-parent\" data-id=\"90552e7\" data-element_type=\"container\" data-e-type=\"container\">\n\t\t\t\t\t<div class=\"e-con-inner\">\n\t\t\t\t<div class=\"elementor-element elementor-element-a948c6f elementor-widget elementor-widget-heading\" data-id=\"a948c6f\" data-element_type=\"widget\" data-e-type=\"widget\" data-widget_type=\"heading.default\">\n\t\t\t\t<div class=\"elementor-widget-container\">\n\t\t\t\t\t<h2 class=\"elementor-heading-title elementor-size-default\">Miksi IL Mulino?<\/h2>\t\t\t\t<\/div>\n\t\t\t\t<\/div>\n\t\t\t\t<div class=\"elementor-element elementor-element-20d22df elementor-widget elementor-widget-text-editor\" data-id=\"20d22df\" data-element_type=\"widget\" data-e-type=\"widget\" data-widget_type=\"text-editor.default\">\n\t\t\t\t<div class=\"elementor-widget-container\">\n\t\t\t\t\t\t\t\t\t<p>Il Mulino tarjoaa autenttista roomalaistyylist\u00e4 palapizzaa, joka on helppo ottaa mukaan ja nauttia kotona. Pizzoissamme k\u00e4ytet\u00e4\u00e4n huolella valittuja t\u00e4ytteit\u00e4, jotka kunnioittavat italialaisia perinteit\u00e4, mutta ottavat huomioon my\u00f6s suomalaisten makutottumukset ja l\u00e4hiruoan.<\/p><p>Pizzamme on uniikki yhdistelm\u00e4 pehmeytt\u00e4 ja rapeutta, ja se on helppo l\u00e4mmitt\u00e4\u00e4 kotona uudelleen tuoreuden s\u00e4ilytt\u00e4en.<\/p>\t\t\t\t\t\t\t\t<\/div>\n\t\t\t\t<\/div>\n\t\t\t\t<div class=\"elementor-element elementor-element-901fb6b elementor-widget elementor-widget-spacer\" data-id=\"901fb6b\" data-element_type=\"widget\" data-e-type=\"widget\" data-widget_type=\"spacer.default\">\n\t\t\t\t<div class=\"elementor-widget-container\">\n\t\t\t\t\t\t\t<div class=\"elementor-spacer\">\n\t\t\t<div class=\"elementor-spacer-inner\"><\/div>\n\t\t<\/div>\n\t\t\t\t\t\t<\/div>\n\t\t\t\t<\/div>\n\t\t\t\t<div class=\"elementor-element elementor-element-ddd1c9e elementor-widget elementor-widget-heading\" data-id=\"ddd1c9e\" data-element_type=\"widget\" data-e-type=\"widget\" data-widget_type=\"heading.default\">\n\t\t\t\t<div class=\"elementor-widget-container\">\n\t\t\t\t\t<h2 class=\"elementor-heading-title elementor-size-default\">Laatulupauksemme<\/h2>\t\t\t\t<\/div>\n\t\t\t\t<\/div>\n\t\t<div class=\"elementor-element elementor-element-eae1edb e-grid e-con-full e-con e-child\" data-id=\"eae1edb\" data-element_type=\"container\" data-e-type=\"container\">\n\t\t\t\t<div class=\"elementor-element elementor-element-27e2c9d elementor-position-top elementor-widget elementor-widget-image-box\" data-id=\"27e2c9d\" data-element_type=\"widget\" data-e-type=\"widget\" data-widget_type=\"image-box.default\">\n\t\t\t\t<div class=\"elementor-widget-container\">\n\t\t\t\t\t<div class=\"elementor-image-box-wrapper\"><figure class=\"elementor-image-box-img\"><img decoding=\"async\" width=\"150\" height=\"150\" src=\"http:\/\/www.ilmulinopizza.fi\/wp-content\/uploads\/2024\/11\/Il-Mulino-laatu-1-150x150.webp\" class=\"attachment-thumbnail size-thumbnail wp-image-1095\" alt=\"\" srcset=\"https:\/\/www.ilmulinopizza.fi\/wp-content\/uploads\/2024\/11\/Il-Mulino-laatu-1-150x150.webp 150w, https:\/\/www.ilmulinopizza.fi\/wp-content\/uploads\/2024\/11\/Il-Mulino-laatu-1-300x300.webp 300w, https:\/\/www.ilmulinopizza.fi\/wp-content\/uploads\/2024\/11\/Il-Mulino-laatu-1-768x768.webp 768w, https:\/\/www.ilmulinopizza.fi\/wp-content\/uploads\/2024\/11\/Il-Mulino-laatu-1-100x100.webp 100w, https:\/\/www.ilmulinopizza.fi\/wp-content\/uploads\/2024\/11\/Il-Mulino-laatu-1.webp 1024w\" sizes=\"(max-width: 150px) 100vw, 150px\" \/><\/figure><div class=\"elementor-image-box-content\"><h3 class=\"elementor-image-box-title\">Italialaiset Raaka-aineet<\/h3><p class=\"elementor-image-box-description\">Korkealaatuiset ja huolella valitut ainesosat suoraan Italiasta.<\/p><\/div><\/div>\t\t\t\t<\/div>\n\t\t\t\t<\/div>\n\t\t\t\t<div class=\"elementor-element elementor-element-256642a elementor-position-top elementor-widget elementor-widget-image-box\" data-id=\"256642a\" data-element_type=\"widget\" data-e-type=\"widget\" data-widget_type=\"image-box.default\">\n\t\t\t\t<div class=\"elementor-widget-container\">\n\t\t\t\t\t<div class=\"elementor-image-box-wrapper\"><figure class=\"elementor-image-box-img\"><img decoding=\"async\" width=\"150\" height=\"150\" src=\"http:\/\/www.ilmulinopizza.fi\/wp-content\/uploads\/2024\/11\/IL-mulino-jauhot-150x150.webp\" class=\"attachment-thumbnail size-thumbnail wp-image-1100\" alt=\"\" srcset=\"https:\/\/www.ilmulinopizza.fi\/wp-content\/uploads\/2024\/11\/IL-mulino-jauhot-150x150.webp 150w, https:\/\/www.ilmulinopizza.fi\/wp-content\/uploads\/2024\/11\/IL-mulino-jauhot-300x300.webp 300w, https:\/\/www.ilmulinopizza.fi\/wp-content\/uploads\/2024\/11\/IL-mulino-jauhot-768x768.webp 768w, https:\/\/www.ilmulinopizza.fi\/wp-content\/uploads\/2024\/11\/IL-mulino-jauhot-100x100.webp 100w, https:\/\/www.ilmulinopizza.fi\/wp-content\/uploads\/2024\/11\/IL-mulino-jauhot.webp 1024w\" sizes=\"(max-width: 150px) 100vw, 150px\" \/><\/figure><div class=\"elementor-image-box-content\"><h3 class=\"elementor-image-box-title\">Di Marco -jauhot<\/h3><p class=\"elementor-image-box-description\">Di Marco -vehn\u00e4jauhot t\u00e4ydellisen levypizzan pohjaksi.<\/p><\/div><\/div>\t\t\t\t<\/div>\n\t\t\t\t<\/div>\n\t\t\t\t<div class=\"elementor-element elementor-element-301d4e9 elementor-position-top elementor-widget elementor-widget-image-box\" data-id=\"301d4e9\" data-element_type=\"widget\" data-e-type=\"widget\" data-widget_type=\"image-box.default\">\n\t\t\t\t<div class=\"elementor-widget-container\">\n\t\t\t\t\t<div class=\"elementor-image-box-wrapper\"><figure class=\"elementor-image-box-img\"><img decoding=\"async\" width=\"150\" height=\"150\" src=\"http:\/\/www.ilmulinopizza.fi\/wp-content\/uploads\/2024\/10\/1920x1080.2-150x150.jpg\" class=\"attachment-thumbnail size-thumbnail wp-image-915\" alt=\"\" srcset=\"https:\/\/www.ilmulinopizza.fi\/wp-content\/uploads\/2024\/10\/1920x1080.2-150x150.jpg 150w, https:\/\/www.ilmulinopizza.fi\/wp-content\/uploads\/2024\/10\/1920x1080.2-100x100.jpg 100w\" sizes=\"(max-width: 150px) 100vw, 150px\" \/><\/figure><div class=\"elementor-image-box-content\"><h3 class=\"elementor-image-box-title\">Tuore ja Herkullinen<\/h3><p class=\"elementor-image-box-description\">Pizzamme maku ja laatu \u2013 keitti\u00f6st\u00e4mme sinun p\u00f6yt\u00e4\u00e4si.<\/p><\/div><\/div>\t\t\t\t<\/div>\n\t\t\t\t<\/div>\n\t\t\t\t<\/div>\n\t\t\t\t\t<\/div>\n\t\t\t\t<\/div>\n\t\t\t\t<\/div>\n\t\t","protected":false},"excerpt":{"rendered":"<p>Tervetuloa Il Mulinoon \u2013 tuomme palan Italiaa p\u00f6yt\u00e4\u00e4si. Il Mulino \u2013 Pala Roomaa Suomessa \u201cRoomassa lomaillessani rakastuin paikalliseen herkkuun:perinteiseen roomalaiseen levypizzaan. Juuri samanlaista,t\u00e4ydellisyyteen asti hiottua erikoispizzaa halusin ehdottomasti saataville kotiin Suomeenkin. Selvitimme parhaiden paikallisten pizzaleipureiden k\u00e4ytt\u00e4m\u00e4tvehn\u00e4jauhot ja aloimme tuoda niit\u00e4 yksinoikeudella Suomeen.Koulutuksen oikeaoppisen taikinan valmistamiseen saimme\u00a0suoraan parhailta pizzataitajilta. Niin syntyi Il Mulino.\u201d Franco Sturiale,Il Mulinon [&hellip;]<\/p>\n","protected":false},"author":2,"featured_media":0,"parent":0,"menu_order":0,"comment_status":"closed","ping_status":"closed","template":"","meta":{"_eb_attr":"","footnotes":""},"class_list":["post-921","page","type-page","status-publish","hentry"],"_links":{"self":[{"href":"https:\/\/www.ilmulinopizza.fi\/index.php\/wp-json\/wp\/v2\/pages\/921"}],"collection":[{"href":"https:\/\/www.ilmulinopizza.fi\/index.php\/wp-json\/wp\/v2\/pages"}],"about":[{"href":"https:\/\/www.ilmulinopizza.fi\/index.php\/wp-json\/wp\/v2\/types\/page"}],"author":[{"embeddable":true,"href":"https:\/\/www.ilmulinopizza.fi\/index.php\/wp-json\/wp\/v2\/users\/2"}],"replies":[{"embeddable":true,"href":"https:\/\/www.ilmulinopizza.fi\/index.php\/wp-json\/wp\/v2\/comments?post=921"}],"version-history":[{"count":49,"href":"https:\/\/www.ilmulinopizza.fi\/index.php\/wp-json\/wp\/v2\/pages\/921\/revisions"}],"predecessor-version":[{"id":1398,"href":"https:\/\/www.ilmulinopizza.fi\/index.php\/wp-json\/wp\/v2\/pages\/921\/revisions\/1398"}],"wp:attachment":[{"href":"https:\/\/www.ilmulinopizza.fi\/index.php\/wp-json\/wp\/v2\/media?parent=921"}],"curies":[{"name":"wp","href":"https:\/\/api.w.org\/{rel}","templated":true}]}}