{"id":958,"date":"2024-11-06T16:20:44","date_gmt":"2024-11-06T16:20:44","guid":{"rendered":"https:\/\/www.ilmulinopizza.fi\/?page_id=958"},"modified":"2024-11-08T16:55:17","modified_gmt":"2024-11-08T16:55:17","slug":"menu","status":"publish","type":"page","link":"https:\/\/www.ilmulinopizza.fi\/index.php\/menu\/","title":{"rendered":"Menu"},"content":{"rendered":"\t\t<div data-elementor-type=\"wp-page\" data-elementor-id=\"958\" class=\"elementor elementor-958\" data-elementor-post-type=\"page\">\n\t\t\t\t<div class=\"elementor-element elementor-element-8940a15 e-flex e-con-boxed e-con e-parent\" data-id=\"8940a15\" data-element_type=\"container\" data-e-type=\"container\" data-settings=\"{&quot;background_background&quot;:&quot;classic&quot;}\">\n\t\t\t\t\t<div class=\"e-con-inner\">\n\t\t\t\t<div class=\"elementor-element elementor-element-f30554a elementor-widget elementor-widget-heading\" data-id=\"f30554a\" data-element_type=\"widget\" data-e-type=\"widget\" data-widget_type=\"heading.default\">\n\t\t\t\t<div class=\"elementor-widget-container\">\n\t\t\t\t\t<h2 class=\"elementor-heading-title elementor-size-default\">Pizzamme<\/h2>\t\t\t\t<\/div>\n\t\t\t\t<\/div>\n\t\t\t\t<div class=\"elementor-element elementor-element-369d5b7 elementor-widget elementor-widget-text-editor\" data-id=\"369d5b7\" data-element_type=\"widget\" data-e-type=\"widget\" data-widget_type=\"text-editor.default\">\n\t\t\t\t<div class=\"elementor-widget-container\">\n\t\t\t\t\t\t\t\t\t<p>Tervetuloa tutustumaan Il Mulinon herkullisiin pizzamakuvalikoimiin<\/p>\t\t\t\t\t\t\t\t<\/div>\n\t\t\t\t<\/div>\n\t\t\t\t\t<\/div>\n\t\t\t\t<\/div>\n\t\t<div class=\"elementor-element elementor-element-affa402 e-flex e-con-boxed e-con e-parent\" data-id=\"affa402\" data-element_type=\"container\" data-e-type=\"container\">\n\t\t\t\t\t<div class=\"e-con-inner\">\n\t\t\t\t<div class=\"elementor-element elementor-element-dbc2170 elementor-widget elementor-widget-text-editor\" data-id=\"dbc2170\" data-element_type=\"widget\" data-e-type=\"widget\" data-widget_type=\"text-editor.default\">\n\t\t\t\t<div class=\"elementor-widget-container\">\n\t\t\t\t\t\t\t\t\t<h3>Il Mulino &#8211; Pizzamme<\/h3><p>Jokainen pizzamme valmistetaan huolella valituista, korkealaatuisista italialaisista raaka-aineista, jotka kunnioittavat perinteit\u00e4 ja tuovat palan Roomaa suoraan Suomeen.<\/p><p>Pizzamme ovat t\u00e4ydellinen yhdistelm\u00e4 pehmeytt\u00e4 ja rapeutta \u2013 ja ne on suunniteltu nautittaviksi niin paikan p\u00e4\u00e4ll\u00e4 kuin helposti l\u00e4mmitt\u00e4en my\u00f6s kotona. Tutustu klassikoihimme ja l\u00f6yd\u00e4 suosikkisi!<\/p>\t\t\t\t\t\t\t\t<\/div>\n\t\t\t\t<\/div>\n\t\t\t\t<div class=\"elementor-element elementor-element-2108a41 elementor-widget elementor-widget-text-editor\" data-id=\"2108a41\" data-element_type=\"widget\" data-e-type=\"widget\" data-widget_type=\"text-editor.default\">\n\t\t\t\t<div class=\"elementor-widget-container\">\n\t\t\t\t\t\t\t\t\t<h4><strong>L\u00e4mmitysohjeet kotona<\/strong><br \/>&#8220;Kuumenna pizza kotona 3\u20135 minuuttia 235\u00b0C , niin saat tuoreen ja herkullisen makuel\u00e4myksen.&#8221;<\/h4>\t\t\t\t\t\t\t\t<\/div>\n\t\t\t\t<\/div>\n\t\t\t\t\t<\/div>\n\t\t\t\t<\/div>\n\t\t<div class=\"elementor-element elementor-element-aec5fc7 e-flex e-con-boxed e-con e-parent\" data-id=\"aec5fc7\" data-element_type=\"container\" data-e-type=\"container\">\n\t\t\t\t\t<div class=\"e-con-inner\">\n\t\t<div class=\"elementor-element elementor-element-7981c45 e-grid e-con-full e-con e-child\" data-id=\"7981c45\" data-element_type=\"container\" data-e-type=\"container\">\n\t\t\t\t<div class=\"elementor-element elementor-element-dca81f0 elementor-position-top elementor-widget elementor-widget-image-box\" data-id=\"dca81f0\" data-element_type=\"widget\" data-e-type=\"widget\" data-widget_type=\"image-box.default\">\n\t\t\t\t<div class=\"elementor-widget-container\">\n\t\t\t\t\t<div class=\"elementor-image-box-wrapper\"><figure class=\"elementor-image-box-img\"><img fetchpriority=\"high\" decoding=\"async\" width=\"1920\" height=\"1080\" src=\"http:\/\/www.ilmulinopizza.fi\/wp-content\/uploads\/2024\/10\/1920x1080.2.jpg\" class=\"attachment-full size-full wp-image-915\" alt=\"\" srcset=\"https:\/\/www.ilmulinopizza.fi\/wp-content\/uploads\/2024\/10\/1920x1080.2.jpg 1920w, https:\/\/www.ilmulinopizza.fi\/wp-content\/uploads\/2024\/10\/1920x1080.2-300x169.jpg 300w, https:\/\/www.ilmulinopizza.fi\/wp-content\/uploads\/2024\/10\/1920x1080.2-1024x576.jpg 1024w, https:\/\/www.ilmulinopizza.fi\/wp-content\/uploads\/2024\/10\/1920x1080.2-768x432.jpg 768w, https:\/\/www.ilmulinopizza.fi\/wp-content\/uploads\/2024\/10\/1920x1080.2-1536x864.jpg 1536w\" sizes=\"(max-width: 1920px) 100vw, 1920px\" \/><\/figure><div class=\"elementor-image-box-content\"><h3 class=\"elementor-image-box-title\">Tonno e Cipolla<\/h3><p class=\"elementor-image-box-description\"> (Tonnikala ja sipuli)<\/p><\/div><\/div>\t\t\t\t<\/div>\n\t\t\t\t<\/div>\n\t\t\t\t<div class=\"elementor-element elementor-element-2c821ba elementor-position-top elementor-widget elementor-widget-image-box\" data-id=\"2c821ba\" data-element_type=\"widget\" data-e-type=\"widget\" data-widget_type=\"image-box.default\">\n\t\t\t\t<div class=\"elementor-widget-container\">\n\t\t\t\t\t<div class=\"elementor-image-box-wrapper\"><figure class=\"elementor-image-box-img\"><img decoding=\"async\" width=\"1920\" height=\"1080\" src=\"http:\/\/www.ilmulinopizza.fi\/wp-content\/uploads\/2024\/10\/1920x1080.6.jpg\" class=\"attachment-full size-full wp-image-913\" alt=\"\" srcset=\"https:\/\/www.ilmulinopizza.fi\/wp-content\/uploads\/2024\/10\/1920x1080.6.jpg 1920w, https:\/\/www.ilmulinopizza.fi\/wp-content\/uploads\/2024\/10\/1920x1080.6-300x169.jpg 300w, https:\/\/www.ilmulinopizza.fi\/wp-content\/uploads\/2024\/10\/1920x1080.6-1024x576.jpg 1024w, https:\/\/www.ilmulinopizza.fi\/wp-content\/uploads\/2024\/10\/1920x1080.6-768x432.jpg 768w, https:\/\/www.ilmulinopizza.fi\/wp-content\/uploads\/2024\/10\/1920x1080.6-1536x864.jpg 1536w\" sizes=\"(max-width: 1920px) 100vw, 1920px\" \/><\/figure><div class=\"elementor-image-box-content\"><h3 class=\"elementor-image-box-title\">Parmigiana<\/h3><p class=\"elementor-image-box-description\">(Munakoiso, tomaatti ja juusto)<\/p><\/div><\/div>\t\t\t\t<\/div>\n\t\t\t\t<\/div>\n\t\t\t\t<div class=\"elementor-element elementor-element-d23b275 elementor-position-top elementor-widget elementor-widget-image-box\" data-id=\"d23b275\" data-element_type=\"widget\" data-e-type=\"widget\" data-widget_type=\"image-box.default\">\n\t\t\t\t<div class=\"elementor-widget-container\">\n\t\t\t\t\t<div class=\"elementor-image-box-wrapper\"><figure class=\"elementor-image-box-img\"><img decoding=\"async\" width=\"1920\" height=\"1080\" src=\"http:\/\/www.ilmulinopizza.fi\/wp-content\/uploads\/2024\/10\/1920x1080.16.jpg\" class=\"attachment-full size-full wp-image-908\" alt=\"\" srcset=\"https:\/\/www.ilmulinopizza.fi\/wp-content\/uploads\/2024\/10\/1920x1080.16.jpg 1920w, https:\/\/www.ilmulinopizza.fi\/wp-content\/uploads\/2024\/10\/1920x1080.16-300x169.jpg 300w, https:\/\/www.ilmulinopizza.fi\/wp-content\/uploads\/2024\/10\/1920x1080.16-1024x576.jpg 1024w, https:\/\/www.ilmulinopizza.fi\/wp-content\/uploads\/2024\/10\/1920x1080.16-768x432.jpg 768w, https:\/\/www.ilmulinopizza.fi\/wp-content\/uploads\/2024\/10\/1920x1080.16-1536x864.jpg 1536w\" sizes=\"(max-width: 1920px) 100vw, 1920px\" \/><\/figure><div class=\"elementor-image-box-content\"><h3 class=\"elementor-image-box-title\">Margherita<\/h3><\/div><\/div>\t\t\t\t<\/div>\n\t\t\t\t<\/div>\n\t\t\t\t<div class=\"elementor-element elementor-element-81a52ad elementor-position-top elementor-widget elementor-widget-image-box\" data-id=\"81a52ad\" data-element_type=\"widget\" data-e-type=\"widget\" data-widget_type=\"image-box.default\">\n\t\t\t\t<div class=\"elementor-widget-container\">\n\t\t\t\t\t<div class=\"elementor-image-box-wrapper\"><figure class=\"elementor-image-box-img\"><img loading=\"lazy\" decoding=\"async\" width=\"1706\" height=\"961\" src=\"http:\/\/www.ilmulinopizza.fi\/wp-content\/uploads\/2024\/11\/07-scaled-e1731084371853.jpg\" class=\"attachment-full size-full wp-image-1006\" alt=\"\" srcset=\"https:\/\/www.ilmulinopizza.fi\/wp-content\/uploads\/2024\/11\/07-scaled-e1731084371853.jpg 1706w, https:\/\/www.ilmulinopizza.fi\/wp-content\/uploads\/2024\/11\/07-scaled-e1731084371853-300x169.jpg 300w, https:\/\/www.ilmulinopizza.fi\/wp-content\/uploads\/2024\/11\/07-scaled-e1731084371853-1024x577.jpg 1024w, https:\/\/www.ilmulinopizza.fi\/wp-content\/uploads\/2024\/11\/07-scaled-e1731084371853-768x433.jpg 768w, https:\/\/www.ilmulinopizza.fi\/wp-content\/uploads\/2024\/11\/07-scaled-e1731084371853-1536x865.jpg 1536w\" sizes=\"(max-width: 1706px) 100vw, 1706px\" \/><\/figure><div class=\"elementor-image-box-content\"><h3 class=\"elementor-image-box-title\">Crudo e Rucola<\/h3><p class=\"elementor-image-box-description\">(Parmankinkku ja rucola)<\/p><\/div><\/div>\t\t\t\t<\/div>\n\t\t\t\t<\/div>\n\t\t\t\t<\/div>\n\t\t\t\t\t<\/div>\n\t\t\t\t<\/div>\n\t\t\t\t<\/div>\n\t\t","protected":false},"excerpt":{"rendered":"<p>Pizzamme Tervetuloa tutustumaan Il Mulinon herkullisiin pizzamakuvalikoimiin Il Mulino &#8211; Pizzamme Jokainen pizzamme valmistetaan huolella valituista, korkealaatuisista italialaisista raaka-aineista, jotka kunnioittavat perinteit\u00e4 ja tuovat palan Roomaa suoraan Suomeen. Pizzamme ovat t\u00e4ydellinen yhdistelm\u00e4 pehmeytt\u00e4 ja rapeutta \u2013 ja ne on suunniteltu nautittaviksi niin paikan p\u00e4\u00e4ll\u00e4 kuin helposti l\u00e4mmitt\u00e4en my\u00f6s kotona. Tutustu klassikoihimme ja l\u00f6yd\u00e4 suosikkisi! L\u00e4mmitysohjeet [&hellip;]<\/p>\n","protected":false},"author":2,"featured_media":0,"parent":0,"menu_order":0,"comment_status":"closed","ping_status":"closed","template":"elementor_header_footer","meta":{"_eb_attr":"","footnotes":""},"class_list":["post-958","page","type-page","status-publish","hentry"],"_links":{"self":[{"href":"https:\/\/www.ilmulinopizza.fi\/index.php\/wp-json\/wp\/v2\/pages\/958"}],"collection":[{"href":"https:\/\/www.ilmulinopizza.fi\/index.php\/wp-json\/wp\/v2\/pages"}],"about":[{"href":"https:\/\/www.ilmulinopizza.fi\/index.php\/wp-json\/wp\/v2\/types\/page"}],"author":[{"embeddable":true,"href":"https:\/\/www.ilmulinopizza.fi\/index.php\/wp-json\/wp\/v2\/users\/2"}],"replies":[{"embeddable":true,"href":"https:\/\/www.ilmulinopizza.fi\/index.php\/wp-json\/wp\/v2\/comments?post=958"}],"version-history":[{"count":43,"href":"https:\/\/www.ilmulinopizza.fi\/index.php\/wp-json\/wp\/v2\/pages\/958\/revisions"}],"predecessor-version":[{"id":1167,"href":"https:\/\/www.ilmulinopizza.fi\/index.php\/wp-json\/wp\/v2\/pages\/958\/revisions\/1167"}],"wp:attachment":[{"href":"https:\/\/www.ilmulinopizza.fi\/index.php\/wp-json\/wp\/v2\/media?parent=958"}],"curies":[{"name":"wp","href":"https:\/\/api.w.org\/{rel}","templated":true}]}}