{"id":976,"date":"2024-11-06T16:32:28","date_gmt":"2024-11-06T16:32:28","guid":{"rendered":"https:\/\/www.ilmulinopizza.fi\/?page_id=976"},"modified":"2025-02-07T12:03:24","modified_gmt":"2025-02-07T12:03:24","slug":"yhteystiedot","status":"publish","type":"page","link":"https:\/\/www.ilmulinopizza.fi\/index.php\/yhteystiedot\/","title":{"rendered":"Yhteystiedot"},"content":{"rendered":"\t\t<div data-elementor-type=\"wp-page\" data-elementor-id=\"976\" class=\"elementor elementor-976\" data-elementor-post-type=\"page\">\n\t\t\t\t<div class=\"elementor-element elementor-element-4de8d28 e-flex e-con-boxed e-con e-parent\" data-id=\"4de8d28\" data-element_type=\"container\" data-e-type=\"container\" data-settings=\"{&quot;background_background&quot;:&quot;classic&quot;}\">\n\t\t\t\t\t<div class=\"e-con-inner\">\n\t\t\t\t\t<\/div>\n\t\t\t\t<\/div>\n\t\t<div class=\"elementor-element elementor-element-ed99308 e-flex e-con-boxed e-con e-parent\" data-id=\"ed99308\" data-element_type=\"container\" data-e-type=\"container\">\n\t\t\t\t\t<div class=\"e-con-inner\">\n\t\t<div class=\"elementor-element elementor-element-75ad7c2 e-con-full e-flex e-con e-child\" data-id=\"75ad7c2\" data-element_type=\"container\" data-e-type=\"container\" data-settings=\"{&quot;background_background&quot;:&quot;classic&quot;}\">\n\t\t\t\t<div class=\"elementor-element elementor-element-36563ff elementor-widget elementor-widget-heading\" data-id=\"36563ff\" data-element_type=\"widget\" data-e-type=\"widget\" data-widget_type=\"heading.default\">\n\t\t\t\t<div class=\"elementor-widget-container\">\n\t\t\t\t\t<h2 class=\"elementor-heading-title elementor-size-default\">vantaa Tammisto<\/h2>\t\t\t\t<\/div>\n\t\t\t\t<\/div>\n\t\t\t\t<div class=\"elementor-element elementor-element-5916896 elementor-widget elementor-widget-text-editor\" data-id=\"5916896\" data-element_type=\"widget\" data-e-type=\"widget\" data-widget_type=\"text-editor.default\">\n\t\t\t\t<div class=\"elementor-widget-container\">\n\t\t\t\t\t\t\t\t\t<div class=\"elementor-element elementor-element-6b0aa75a elementor-widget elementor-widget-text-editor\" data-id=\"6b0aa75a\" data-element_type=\"widget\" data-widget_type=\"text-editor.default\"><div class=\"elementor-widget-container\"><p><strong>Avoinna:<\/strong><br \/>Ma-su 10-20<\/p><\/div><\/div><div class=\"elementor-element elementor-element-2860b47 elementor-widget elementor-widget-text-editor\" data-id=\"2860b47\" data-element_type=\"widget\" data-widget_type=\"text-editor.default\"><div class=\"elementor-widget-container\"><p><strong>Yhteyshenkil\u00f6<br \/><\/strong>Alaa\u00a0 +358 44 975 0658<\/p><\/div><\/div><div class=\"elementor-element elementor-element-17358a6 elementor-widget elementor-widget-text-editor\" data-id=\"17358a6\" data-element_type=\"widget\" data-widget_type=\"text-editor.default\"><div class=\"elementor-widget-container\"><div><h5 class=\"DUwDvf lfPIob\">Osoite:<br \/>Tammiston kauppatie 9, 01510 Vantaa<\/h5><p>K-Citymarket Vantaa Tammisto<\/p><\/div><\/div><\/div>\t\t\t\t\t\t\t\t<\/div>\n\t\t\t\t<\/div>\n\t\t\t\t<\/div>\n\t\t<div class=\"elementor-element elementor-element-561a630 e-con-full e-flex e-con e-child\" data-id=\"561a630\" data-element_type=\"container\" data-e-type=\"container\" data-settings=\"{&quot;background_background&quot;:&quot;classic&quot;}\">\n\t\t\t\t<div class=\"elementor-element elementor-element-1285fd2 elementor-widget elementor-widget-heading\" data-id=\"1285fd2\" data-element_type=\"widget\" data-e-type=\"widget\" data-widget_type=\"heading.default\">\n\t\t\t\t<div class=\"elementor-widget-container\">\n\t\t\t\t\t<h2 class=\"elementor-heading-title elementor-size-default\">Kupitta<\/h2>\t\t\t\t<\/div>\n\t\t\t\t<\/div>\n\t\t\t\t<div class=\"elementor-element elementor-element-7382ea6 elementor-widget elementor-widget-text-editor\" data-id=\"7382ea6\" data-element_type=\"widget\" data-e-type=\"widget\" data-widget_type=\"text-editor.default\">\n\t\t\t\t<div class=\"elementor-widget-container\">\n\t\t\t\t\t\t\t\t\t<div class=\"elementor-element elementor-element-6b0aa75a elementor-widget elementor-widget-text-editor\" data-id=\"6b0aa75a\" data-element_type=\"widget\" data-widget_type=\"text-editor.default\"><div class=\"elementor-widget-container\"><div class=\"elementor-element elementor-element-a66c40a elementor-widget elementor-widget-text-editor\" data-id=\"a66c40a\" data-element_type=\"widget\" data-widget_type=\"text-editor.default\"><div class=\"elementor-widget-container\"><p><strong>Avoinna:<\/strong><br \/>Ma-su 10-20<\/p><\/div><\/div><div class=\"elementor-element elementor-element-3b9ce07 elementor-widget elementor-widget-text-editor\" data-id=\"3b9ce07\" data-element_type=\"widget\" data-widget_type=\"text-editor.default\"><div class=\"elementor-widget-container\"><p><strong>Yhteyshenkil\u00f6<br \/><\/strong>Adam\u00a0 +358 46 942 9125<\/p><\/div><\/div><div class=\"elementor-element elementor-element-4cf1c8e elementor-widget elementor-widget-text-editor\" data-id=\"4cf1c8e\" data-element_type=\"widget\" data-widget_type=\"text-editor.default\"><div class=\"elementor-widget-container\"><p><strong>Uudenmaantie 17, 20700 Turku<\/strong><br \/>Myyntipiste Kupittaan Citymarketissa kala- ja salaattitiskin v\u00e4liss\u00e4.<\/p><\/div><\/div><\/div><\/div>\t\t\t\t\t\t\t\t<\/div>\n\t\t\t\t<\/div>\n\t\t\t\t<\/div>\n\t\t<div class=\"elementor-element elementor-element-13fbbc6 e-con-full e-flex e-con e-child\" data-id=\"13fbbc6\" data-element_type=\"container\" data-e-type=\"container\" data-settings=\"{&quot;background_background&quot;:&quot;classic&quot;}\">\n\t\t\t\t<div class=\"elementor-element elementor-element-1cecaa4 elementor-widget elementor-widget-heading\" data-id=\"1cecaa4\" data-element_type=\"widget\" data-e-type=\"widget\" data-widget_type=\"heading.default\">\n\t\t\t\t<div class=\"elementor-widget-container\">\n\t\t\t\t\t<h2 class=\"elementor-heading-title elementor-size-default\">Helsinki Easton<\/h2>\t\t\t\t<\/div>\n\t\t\t\t<\/div>\n\t\t\t\t<div class=\"elementor-element elementor-element-9919dd2 elementor-widget elementor-widget-text-editor\" data-id=\"9919dd2\" data-element_type=\"widget\" data-e-type=\"widget\" data-widget_type=\"text-editor.default\">\n\t\t\t\t<div class=\"elementor-widget-container\">\n\t\t\t\t\t\t\t\t\t<div class=\"elementor-element elementor-element-6b0aa75a elementor-widget elementor-widget-text-editor\" data-id=\"6b0aa75a\" data-element_type=\"widget\" data-widget_type=\"text-editor.default\"><div class=\"elementor-widget-container\"><div class=\"elementor-element elementor-element-a66c40a elementor-widget elementor-widget-text-editor\" data-id=\"a66c40a\" data-element_type=\"widget\" data-widget_type=\"text-editor.default\"><div class=\"elementor-widget-container\"><div class=\"elementor-element elementor-element-41042fe5 elementor-widget elementor-widget-text-editor\" data-id=\"41042fe5\" data-element_type=\"widget\" data-widget_type=\"text-editor.default\"><div class=\"elementor-widget-container\"><p><strong>Avoinna:<\/strong><br \/>Ma-su 10-20<\/p><\/div><\/div><div class=\"elementor-element elementor-element-4df2b4d elementor-widget elementor-widget-text-editor\" data-id=\"4df2b4d\" data-element_type=\"widget\" data-widget_type=\"text-editor.default\"><div class=\"elementor-widget-container\"><p><strong>Yhteyshenkil\u00f6:<\/strong><br \/>Ahmad +358 44 979 1576<\/p><\/div><\/div><div class=\"elementor-element elementor-element-5504482e elementor-widget elementor-widget-text-editor\" data-id=\"5504482e\" data-element_type=\"widget\" data-widget_type=\"text-editor.default\"><div class=\"elementor-widget-container\"><p><strong>Gotlanninkatu 13, 00930 Helsinki<\/strong><\/p><\/div><\/div><\/div><\/div><\/div><\/div>\t\t\t\t\t\t\t\t<\/div>\n\t\t\t\t<\/div>\n\t\t\t\t<\/div>\n\t\t<div class=\"elementor-element elementor-element-3d8fac3 e-con-full e-flex e-con e-child\" data-id=\"3d8fac3\" data-element_type=\"container\" data-e-type=\"container\" data-settings=\"{&quot;background_background&quot;:&quot;classic&quot;}\">\n\t\t\t\t<div class=\"elementor-element elementor-element-f95d88f elementor-widget elementor-widget-heading\" data-id=\"f95d88f\" data-element_type=\"widget\" data-e-type=\"widget\" data-widget_type=\"heading.default\">\n\t\t\t\t<div class=\"elementor-widget-container\">\n\t\t\t\t\t<h2 class=\"elementor-heading-title elementor-size-default\">Tampere Turtola<\/h2>\t\t\t\t<\/div>\n\t\t\t\t<\/div>\n\t\t\t\t<div class=\"elementor-element elementor-element-22dc55c elementor-widget elementor-widget-text-editor\" data-id=\"22dc55c\" data-element_type=\"widget\" data-e-type=\"widget\" data-widget_type=\"text-editor.default\">\n\t\t\t\t<div class=\"elementor-widget-container\">\n\t\t\t\t\t\t\t\t\t<div class=\"elementor-element elementor-element-6b0aa75a elementor-widget elementor-widget-text-editor\" data-id=\"6b0aa75a\" data-element_type=\"widget\" data-widget_type=\"text-editor.default\"><div class=\"elementor-widget-container\"><div class=\"elementor-element elementor-element-a66c40a elementor-widget elementor-widget-text-editor\" data-id=\"a66c40a\" data-element_type=\"widget\" data-widget_type=\"text-editor.default\"><div class=\"elementor-widget-container\"><div class=\"elementor-element elementor-element-41042fe5 elementor-widget elementor-widget-text-editor\" data-id=\"41042fe5\" data-element_type=\"widget\" data-widget_type=\"text-editor.default\"><div class=\"elementor-widget-container\"><div class=\"elementor-element elementor-element-4ce8cbf9 elementor-widget elementor-widget-text-editor\" data-id=\"4ce8cbf9\" data-element_type=\"widget\" data-widget_type=\"text-editor.default\"><div class=\"elementor-widget-container\"><p><strong>Avoinna:<\/strong><br \/>Ma-su 10-20<\/p><p><strong>Yhteyshenkil\u00f6<br \/><\/strong>Alaa\u00a0 +358 44 975 0658<\/p><p><strong>Martinpojankatu 4, 33710 Tampere<\/strong><\/p><\/div><\/div><\/div><\/div><\/div><\/div><\/div><\/div>\t\t\t\t\t\t\t\t<\/div>\n\t\t\t\t<\/div>\n\t\t\t\t<\/div>\n\t\t<div class=\"elementor-element elementor-element-d8efcfe e-con-full e-flex e-con e-child\" data-id=\"d8efcfe\" data-element_type=\"container\" data-e-type=\"container\" data-settings=\"{&quot;background_background&quot;:&quot;classic&quot;}\">\n\t\t\t\t<div class=\"elementor-element elementor-element-fad3197 elementor-widget elementor-widget-heading\" data-id=\"fad3197\" data-element_type=\"widget\" data-e-type=\"widget\" data-widget_type=\"heading.default\">\n\t\t\t\t<div class=\"elementor-widget-container\">\n\t\t\t\t\t<h2 class=\"elementor-heading-title elementor-size-default\">H\u00e4meenlinna<\/h2>\t\t\t\t<\/div>\n\t\t\t\t<\/div>\n\t\t\t\t<div class=\"elementor-element elementor-element-db8575f elementor-widget elementor-widget-text-editor\" data-id=\"db8575f\" data-element_type=\"widget\" data-e-type=\"widget\" data-widget_type=\"text-editor.default\">\n\t\t\t\t<div class=\"elementor-widget-container\">\n\t\t\t\t\t\t\t\t\t<div class=\"elementor-element elementor-element-6b0aa75a elementor-widget elementor-widget-text-editor\" data-id=\"6b0aa75a\" data-element_type=\"widget\" data-widget_type=\"text-editor.default\"><div class=\"elementor-widget-container\"><div class=\"elementor-element elementor-element-a66c40a elementor-widget elementor-widget-text-editor\" data-id=\"a66c40a\" data-element_type=\"widget\" data-widget_type=\"text-editor.default\"><div class=\"elementor-widget-container\"><div class=\"elementor-element elementor-element-41042fe5 elementor-widget elementor-widget-text-editor\" data-id=\"41042fe5\" data-element_type=\"widget\" data-widget_type=\"text-editor.default\"><div class=\"elementor-widget-container\"><div class=\"elementor-element elementor-element-4ce8cbf9 elementor-widget elementor-widget-text-editor\" data-id=\"4ce8cbf9\" data-element_type=\"widget\" data-widget_type=\"text-editor.default\"><div class=\"elementor-widget-container\"><div class=\"elementor-element elementor-element-624e07d9 elementor-widget elementor-widget-text-editor\" data-id=\"624e07d9\" data-element_type=\"widget\" data-widget_type=\"text-editor.default\"><div class=\"elementor-widget-container\"><p><strong>Avoinna:<\/strong><br \/>Ma-su 10-20<\/p><p><strong>Yhteyshenkil\u00f6<br \/><\/strong>Adam\u00a0 +358 46 942 9125<\/p><\/div><\/div><div class=\"elementor-element elementor-element-613b6f5c elementor-widget elementor-widget-text-editor\" data-id=\"613b6f5c\" data-element_type=\"widget\" data-widget_type=\"text-editor.default\"><div class=\"elementor-widget-container\"><p><b>Puusep\u00e4nkatu 1, 13110 H\u00e4meenlinna<\/b><\/p><\/div><\/div><\/div><\/div><\/div><\/div><\/div><\/div><\/div><\/div>\t\t\t\t\t\t\t\t<\/div>\n\t\t\t\t<\/div>\n\t\t\t\t<\/div>\n\t\t<div class=\"elementor-element elementor-element-829fca3 e-con-full e-flex e-con e-child\" data-id=\"829fca3\" data-element_type=\"container\" data-e-type=\"container\">\n\t\t\t\t<\/div>\n\t\t\t\t\t<\/div>\n\t\t\t\t<\/div>\n\t\t\t\t<\/div>\n\t\t","protected":false},"excerpt":{"rendered":"<p>vantaa Tammisto Avoinna:Ma-su 10-20 Yhteyshenkil\u00f6Alaa\u00a0 +358 44 975 0658 Osoite:Tammiston kauppatie 9, 01510 Vantaa K-Citymarket Vantaa Tammisto Kupitta Avoinna:Ma-su 10-20 Yhteyshenkil\u00f6Adam\u00a0 +358 46 942 9125 Uudenmaantie 17, 20700 TurkuMyyntipiste Kupittaan Citymarketissa kala- ja salaattitiskin v\u00e4liss\u00e4. Helsinki Easton Avoinna:Ma-su 10-20 Yhteyshenkil\u00f6:Ahmad +358 44 979 1576 Gotlanninkatu 13, 00930 Helsinki Tampere Turtola Avoinna:Ma-su 10-20 Yhteyshenkil\u00f6Alaa\u00a0 +358 44 [&hellip;]<\/p>\n","protected":false},"author":2,"featured_media":0,"parent":0,"menu_order":0,"comment_status":"closed","ping_status":"closed","template":"elementor_header_footer","meta":{"_eb_attr":"","footnotes":""},"class_list":["post-976","page","type-page","status-publish","hentry"],"_links":{"self":[{"href":"https:\/\/www.ilmulinopizza.fi\/index.php\/wp-json\/wp\/v2\/pages\/976"}],"collection":[{"href":"https:\/\/www.ilmulinopizza.fi\/index.php\/wp-json\/wp\/v2\/pages"}],"about":[{"href":"https:\/\/www.ilmulinopizza.fi\/index.php\/wp-json\/wp\/v2\/types\/page"}],"author":[{"embeddable":true,"href":"https:\/\/www.ilmulinopizza.fi\/index.php\/wp-json\/wp\/v2\/users\/2"}],"replies":[{"embeddable":true,"href":"https:\/\/www.ilmulinopizza.fi\/index.php\/wp-json\/wp\/v2\/comments?post=976"}],"version-history":[{"count":31,"href":"https:\/\/www.ilmulinopizza.fi\/index.php\/wp-json\/wp\/v2\/pages\/976\/revisions"}],"predecessor-version":[{"id":1448,"href":"https:\/\/www.ilmulinopizza.fi\/index.php\/wp-json\/wp\/v2\/pages\/976\/revisions\/1448"}],"wp:attachment":[{"href":"https:\/\/www.ilmulinopizza.fi\/index.php\/wp-json\/wp\/v2\/media?parent=976"}],"curies":[{"name":"wp","href":"https:\/\/api.w.org\/{rel}","templated":true}]}}